{"id":22,"date":"2020-04-06T19:36:51","date_gmt":"2020-04-06T19:36:51","guid":{"rendered":"http:\/\/michelle-affolter.de\/?page_id=22"},"modified":"2026-04-13T11:35:43","modified_gmt":"2026-04-13T11:35:43","slug":"ueber-mich","status":"publish","type":"page","link":"http:\/\/michelle-affolter.de\/","title":{"rendered":"VITA"},"content":{"rendered":"\n<figure class=\"wp-block-gallery has-nested-images columns-default is-cropped wp-block-gallery-1 is-layout-flex wp-block-gallery-is-layout-flex\">\n<figure class=\"wp-block-image size-large\"><img loading=\"lazy\" decoding=\"async\" width=\"769\" height=\"1024\" data-id=\"677\" src=\"http:\/\/michelle-affolter.de\/wp-content\/uploads\/2026\/04\/00f89cb285688682791bad6663abc969-website-769x1024.webp\" alt=\"\" class=\"wp-image-677\" srcset=\"http:\/\/michelle-affolter.de\/wp-content\/uploads\/2026\/04\/00f89cb285688682791bad6663abc969-website-769x1024.webp 769w, http:\/\/michelle-affolter.de\/wp-content\/uploads\/2026\/04\/00f89cb285688682791bad6663abc969-website-225x300.webp 225w, http:\/\/michelle-affolter.de\/wp-content\/uploads\/2026\/04\/00f89cb285688682791bad6663abc969-website-768x1023.webp 768w, http:\/\/michelle-affolter.de\/wp-content\/uploads\/2026\/04\/00f89cb285688682791bad6663abc969-website-1153x1536.webp 1153w, http:\/\/michelle-affolter.de\/wp-content\/uploads\/2026\/04\/00f89cb285688682791bad6663abc969-website.webp 1537w\" sizes=\"(max-width: 767px) 89vw, (max-width: 1000px) 54vw, (max-width: 1071px) 543px, 580px\" \/><\/figure>\n<\/figure>\n\n\n\n<p>CREDITS BILD: MAXIMILIAN PROBST <\/p>\n\n\n\n<p>Michelle Stoop (1990) ist freischaffende Musiktheaterregisseurin in Hamburg. Sie studierte Theater -und Musikwissenschaft an der Universit\u00e4t Bern und schloss 2019 ihr Musiktheaterregie-Studium an der HfMT Hamburg mit der St\u00fcckentwicklung Nicht Zu Nah zu sexualisierter Gewalt durch Geschwister ab. Ihre ebenfalls recherchebasierte St\u00fcckentwicklung Hurenschnack zwurde 2018 uraufgef\u00fchrt und im Februar 2019 zu We Present #10 ins Lichthof Theater eingeladen. \u00a0<\/p>\n\n\n\n<p>In ihren k\u00fcnstlerischen Arbeiten setzt sie den Schwerpunkt auf dokumentarisches (Musik-)Theater und untersucht den theatralen Kontext verschiedener (All-tags)Themen mit Beteiligung von Expert*innen des Alltags. So zum Beispiel in der transgenerationellen Wohnperformance WG WirrWarr und der interaktiven Telefonperformance O Solitude!\u201c zum Thema Einsamkeit im Alter, die zum Hauptsache Frei Festival #8 eingeladen wurde.&nbsp; Dabei arbeitet sie regelm\u00e4\u00dfig mit Nora Becker, Hanne Lenze-Lauch, Carlos Andr\u00e9s Rico und Florence Schreiber. Ihre j\u00fcngste Zusammenarbeit mit Carlos Andr\u00e9s Rico und Florence Schreiber feierte im Juni 2023 Premiere: AFRAID OF, ein Musiktheater zum Thema Angst f\u00fcr junges Publikum im FUNDUS Theater Hamburg. &nbsp;<\/p>\n\n\n\n<p>Stoop arbeitet \u00f6fters Schulen u.a. im Auftrag des Thalia Theaters (das Leben feiern , unexpected perspectives, Schutzr\u00e4ume ) und unterrichtete mehrere Jahre darstellendes SPiel  darstellendes Spiel. Sie engagierte sich von 2021-2025  kulturpolitisch als Vorstandsmitglied des DfDK Hamburg, als zweite Vorsitzende des Vereins Stimme X, zeitgen\u00f6ssisches Musiktheater in Norddeutschland und als Mitglied der LAG Kultur in der Partei DIE LINKE. Seit der Spielzeit 2025\/2026 arbeitet sie als Gastdramaturgin und Regisseurin an der Hamburgischen Staatsoper be CLICK in. FNeben der Produktionsdramaturgie bei <em>Die G\u00e4nsemagd<\/em> und <em>?Alleine!<\/em> inszeniert sie  im Fr\u00fchjahr 2026 <em>Wir bauen eine neue Stadt <\/em>, ein Projekt mit den Alsterspatzen, inszenieren und \u00fcbernimmt dar\u00fcber hinaus die k\u00fcnstlerische Leitung f\u00fcr das <em>LAB: Mozart<\/em>. Sie lebt in Hamburg und ist Mutter von zwei Kindern. .<\/p>\n\n\n\n<p><\/p>\n\n\n\n<div class=\"wp-block-file\"><a id=\"wp-block-file--media-657164ea-74f8-43a0-8416-8b5a85c36fd5\" href=\"http:\/\/michelle-affolter.de\/wp-content\/uploads\/2023\/08\/LEBENSLAUF-MICHELLE-STOOP-2.docx\">LEBENSLAUF-MICHELLE-STOOP-<\/a><a href=\"http:\/\/michelle-affolter.de\/wp-content\/uploads\/2023\/08\/LEBENSLAUF-MICHELLE-STOOP-2.docx\" class=\"wp-block-file__button wp-element-button\" download aria-describedby=\"wp-block-file--media-657164ea-74f8-43a0-8416-8b5a85c36fd5\">Herunterladen<\/a><\/div>\n","protected":false},"excerpt":{"rendered":"<p>CREDITS BILD: MAXIMILIAN PROBST Michelle Stoop (1990) ist freischaffende Musiktheaterregisseurin in Hamburg. Sie studierte Theater -und Musikwissenschaft an der Universit\u00e4t Bern und schloss 2019 ihr Musiktheaterregie-Studium an der HfMT Hamburg mit der St\u00fcckentwicklung Nicht Zu Nah zu sexualisierter Gewalt durch Geschwister ab. Ihre ebenfalls recherchebasierte St\u00fcckentwicklung Hurenschnack zwurde 2018 uraufgef\u00fchrt und im Februar 2019 zu &hellip; <\/p>\n<p class=\"link-more\"><a href=\"http:\/\/michelle-affolter.de\/\" class=\"more-link\"><span class=\"screen-reader-text\">\u201eVITA\u201c<\/span> weiterlesen<\/a><\/p>\n","protected":false},"author":1,"featured_media":0,"parent":0,"menu_order":0,"comment_status":"closed","ping_status":"closed","template":"","meta":{"footnotes":""},"_links":{"self":[{"href":"http:\/\/michelle-affolter.de\/index.php?rest_route=\/wp\/v2\/pages\/22"}],"collection":[{"href":"http:\/\/michelle-affolter.de\/index.php?rest_route=\/wp\/v2\/pages"}],"about":[{"href":"http:\/\/michelle-affolter.de\/index.php?rest_route=\/wp\/v2\/types\/page"}],"author":[{"embeddable":true,"href":"http:\/\/michelle-affolter.de\/index.php?rest_route=\/wp\/v2\/users\/1"}],"replies":[{"embeddable":true,"href":"http:\/\/michelle-affolter.de\/index.php?rest_route=%2Fwp%2Fv2%2Fcomments&post=22"}],"version-history":[{"count":24,"href":"http:\/\/michelle-affolter.de\/index.php?rest_route=\/wp\/v2\/pages\/22\/revisions"}],"predecessor-version":[{"id":678,"href":"http:\/\/michelle-affolter.de\/index.php?rest_route=\/wp\/v2\/pages\/22\/revisions\/678"}],"wp:attachment":[{"href":"http:\/\/michelle-affolter.de\/index.php?rest_route=%2Fwp%2Fv2%2Fmedia&parent=22"}],"curies":[{"name":"wp","href":"https:\/\/api.w.org\/{rel}","templated":true}]}}