{"id":270,"date":"2021-01-28T17:39:35","date_gmt":"2021-01-28T17:39:35","guid":{"rendered":"http:\/\/michelle-affolter.de\/?page_id=270"},"modified":"2023-12-10T07:55:00","modified_gmt":"2023-12-10T07:55:00","slug":"hamster-jukebox-2021","status":"publish","type":"page","link":"http:\/\/michelle-affolter.de\/?page_id=270","title":{"rendered":"Hamster Jukebox (2021)"},"content":{"rendered":"\n<figure class=\"wp-block-image size-large\"><img loading=\"lazy\" decoding=\"async\" width=\"973\" height=\"644\" src=\"http:\/\/michelle-affolter.de\/wp-content\/uploads\/2021\/02\/image.png\" alt=\"\" class=\"wp-image-399\" srcset=\"http:\/\/michelle-affolter.de\/wp-content\/uploads\/2021\/02\/image.png 973w, http:\/\/michelle-affolter.de\/wp-content\/uploads\/2021\/02\/image-300x199.png 300w, http:\/\/michelle-affolter.de\/wp-content\/uploads\/2021\/02\/image-768x508.png 768w\" sizes=\"(max-width: 767px) 89vw, (max-width: 1000px) 54vw, (max-width: 1071px) 543px, 580px\" \/><\/figure>\n\n\n\n<p class=\"has-black-color has-text-color has-background\" style=\"background-color:#c0d3e8\"><strong>Hamster Jukebox<\/strong><\/p>\n\n\n\n<p class=\"has-background\" style=\"background-color:#c0d3e8\">Come. Choose. Call.<\/p>\n\n\n\n<figure class=\"wp-block-image size-large is-resized\"><img loading=\"lazy\" decoding=\"async\" width=\"843\" height=\"843\" src=\"http:\/\/michelle-affolter.de\/wp-content\/uploads\/2021\/08\/230675828_357096869486242_5679952988803430531_n.jpg\" alt=\"\" class=\"wp-image-503\" style=\"width:677px;height:auto\" srcset=\"http:\/\/michelle-affolter.de\/wp-content\/uploads\/2021\/08\/230675828_357096869486242_5679952988803430531_n.jpg 843w, http:\/\/michelle-affolter.de\/wp-content\/uploads\/2021\/08\/230675828_357096869486242_5679952988803430531_n-300x300.jpg 300w, http:\/\/michelle-affolter.de\/wp-content\/uploads\/2021\/08\/230675828_357096869486242_5679952988803430531_n-150x150.jpg 150w, http:\/\/michelle-affolter.de\/wp-content\/uploads\/2021\/08\/230675828_357096869486242_5679952988803430531_n-768x768.jpg 768w, http:\/\/michelle-affolter.de\/wp-content\/uploads\/2021\/08\/230675828_357096869486242_5679952988803430531_n-100x100.jpg 100w\" sizes=\"(max-width: 767px) 89vw, (max-width: 1000px) 54vw, (max-width: 1071px) 543px, 580px\" \/><figcaption class=\"wp-element-caption\">c Jewgeni Roppel<\/figcaption><\/figure>\n\n\n\n<p class=\"has-background\" style=\"background-color:#c0d3e8\">Wir Hamster haben gesammelt und sortiert \u2013 und nun steht unsere Jukebox!In kurzen Nummern&nbsp;&nbsp;widmen wir uns den Angewohnheiten und Gef\u00fchlen, die viele&nbsp;&nbsp;Menschen per Sprachnachricht mit uns geteilt haben. Wir erz\u00e4hlen von Kontrollverlust und \u00dcbersprungshandlungen und erwecken Alltagsrituale und Ber\u00fchrungen zum Hamsterleben. Per Telefon w\u00e4hlt ihr eure Nummer aus und wir Hamster hinter der Scheibe schicken euch Rhythmen und Sounds, Bewegungen und Blicke. Trefft uns in unserem K\u00e4fig im Orbit, Stresemannstra\u00dfe 144, 22769 Hamburg<\/p>\n\n\n\n<p class=\"has-background\" style=\"background-color:#c0d3e8\">Freitag, 6. und Samstag, 7. August 2021, ab 19 UhrEintritt frei<\/p>\n\n\n\n<figure class=\"wp-block-gallery has-nested-images columns-default is-cropped wp-block-gallery-1 is-layout-flex wp-block-gallery-is-layout-flex\">\n<figure class=\"wp-block-image size-large\"><img loading=\"lazy\" decoding=\"async\" width=\"1024\" height=\"683\" data-id=\"496\" src=\"http:\/\/michelle-affolter.de\/wp-content\/uploads\/2021\/08\/3bIcV9dg-1024x683.jpeg\" alt=\"\" class=\"wp-image-496\" srcset=\"http:\/\/michelle-affolter.de\/wp-content\/uploads\/2021\/08\/3bIcV9dg-1024x683.jpeg 1024w, http:\/\/michelle-affolter.de\/wp-content\/uploads\/2021\/08\/3bIcV9dg-300x200.jpeg 300w, http:\/\/michelle-affolter.de\/wp-content\/uploads\/2021\/08\/3bIcV9dg-768x512.jpeg 768w, http:\/\/michelle-affolter.de\/wp-content\/uploads\/2021\/08\/3bIcV9dg-1536x1024.jpeg 1536w, http:\/\/michelle-affolter.de\/wp-content\/uploads\/2021\/08\/3bIcV9dg-2048x1365.jpeg 2048w\" sizes=\"(max-width: 767px) 89vw, (max-width: 1000px) 54vw, (max-width: 1071px) 543px, 580px\" \/><figcaption class=\"wp-element-caption\">c Jewgeni Roppel<\/figcaption><\/figure>\n\n\n\n<figure class=\"wp-block-image size-large\"><img loading=\"lazy\" decoding=\"async\" width=\"1024\" height=\"683\" data-id=\"497\" src=\"http:\/\/michelle-affolter.de\/wp-content\/uploads\/2021\/08\/dGd1lBtg-1024x683.jpeg\" alt=\"\" class=\"wp-image-497\" srcset=\"http:\/\/michelle-affolter.de\/wp-content\/uploads\/2021\/08\/dGd1lBtg-1024x683.jpeg 1024w, http:\/\/michelle-affolter.de\/wp-content\/uploads\/2021\/08\/dGd1lBtg-300x200.jpeg 300w, http:\/\/michelle-affolter.de\/wp-content\/uploads\/2021\/08\/dGd1lBtg-768x512.jpeg 768w, http:\/\/michelle-affolter.de\/wp-content\/uploads\/2021\/08\/dGd1lBtg-1536x1024.jpeg 1536w, http:\/\/michelle-affolter.de\/wp-content\/uploads\/2021\/08\/dGd1lBtg-2048x1365.jpeg 2048w\" sizes=\"(max-width: 767px) 89vw, (max-width: 1000px) 54vw, (max-width: 1071px) 543px, 580px\" \/><figcaption class=\"wp-element-caption\">c Jewgeni Roppel<\/figcaption><\/figure>\n\n\n\n<figure class=\"wp-block-image size-large\"><img loading=\"lazy\" decoding=\"async\" width=\"1024\" height=\"683\" data-id=\"498\" src=\"http:\/\/michelle-affolter.de\/wp-content\/uploads\/2021\/08\/IY5Ovpg-1024x683.jpeg\" alt=\"\" class=\"wp-image-498\" srcset=\"http:\/\/michelle-affolter.de\/wp-content\/uploads\/2021\/08\/IY5Ovpg-1024x683.jpeg 1024w, http:\/\/michelle-affolter.de\/wp-content\/uploads\/2021\/08\/IY5Ovpg-300x200.jpeg 300w, http:\/\/michelle-affolter.de\/wp-content\/uploads\/2021\/08\/IY5Ovpg-768x512.jpeg 768w, http:\/\/michelle-affolter.de\/wp-content\/uploads\/2021\/08\/IY5Ovpg-1536x1024.jpeg 1536w, http:\/\/michelle-affolter.de\/wp-content\/uploads\/2021\/08\/IY5Ovpg-2048x1365.jpeg 2048w\" sizes=\"(max-width: 767px) 89vw, (max-width: 1000px) 54vw, (max-width: 1071px) 543px, 580px\" \/><figcaption class=\"wp-element-caption\">c Jewgeni Roppel<\/figcaption><\/figure>\n\n\n\n<figure class=\"wp-block-image size-large\"><img loading=\"lazy\" decoding=\"async\" width=\"683\" height=\"1024\" data-id=\"499\" src=\"http:\/\/michelle-affolter.de\/wp-content\/uploads\/2021\/08\/JxvapWFg-683x1024.jpeg\" alt=\"\" class=\"wp-image-499\" srcset=\"http:\/\/michelle-affolter.de\/wp-content\/uploads\/2021\/08\/JxvapWFg-683x1024.jpeg 683w, http:\/\/michelle-affolter.de\/wp-content\/uploads\/2021\/08\/JxvapWFg-200x300.jpeg 200w, http:\/\/michelle-affolter.de\/wp-content\/uploads\/2021\/08\/JxvapWFg-768x1152.jpeg 768w, http:\/\/michelle-affolter.de\/wp-content\/uploads\/2021\/08\/JxvapWFg-1024x1536.jpeg 1024w, http:\/\/michelle-affolter.de\/wp-content\/uploads\/2021\/08\/JxvapWFg-1365x2048.jpeg 1365w, http:\/\/michelle-affolter.de\/wp-content\/uploads\/2021\/08\/JxvapWFg-scaled.jpeg 1707w\" sizes=\"(max-width: 683px) 100vw, 683px\" \/><figcaption class=\"wp-element-caption\">c Jewgeni Roppel<\/figcaption><\/figure>\n\n\n\n<figure class=\"wp-block-image size-large\"><img loading=\"lazy\" decoding=\"async\" width=\"1024\" height=\"683\" data-id=\"500\" src=\"http:\/\/michelle-affolter.de\/wp-content\/uploads\/2021\/08\/q-rkZoWw-1024x683.jpeg\" alt=\"\" class=\"wp-image-500\" srcset=\"http:\/\/michelle-affolter.de\/wp-content\/uploads\/2021\/08\/q-rkZoWw-1024x683.jpeg 1024w, http:\/\/michelle-affolter.de\/wp-content\/uploads\/2021\/08\/q-rkZoWw-300x200.jpeg 300w, http:\/\/michelle-affolter.de\/wp-content\/uploads\/2021\/08\/q-rkZoWw-768x512.jpeg 768w, http:\/\/michelle-affolter.de\/wp-content\/uploads\/2021\/08\/q-rkZoWw-1536x1024.jpeg 1536w, http:\/\/michelle-affolter.de\/wp-content\/uploads\/2021\/08\/q-rkZoWw-2048x1365.jpeg 2048w\" sizes=\"(max-width: 767px) 89vw, (max-width: 1000px) 54vw, (max-width: 1071px) 543px, 580px\" \/><figcaption class=\"wp-element-caption\">c Jewgeni Roppel<\/figcaption><\/figure>\n\n\n\n<figure class=\"wp-block-image size-large\"><img loading=\"lazy\" decoding=\"async\" width=\"1024\" height=\"683\" data-id=\"501\" src=\"http:\/\/michelle-affolter.de\/wp-content\/uploads\/2021\/08\/Xx_7-m4A-1024x683.jpeg\" alt=\"\" class=\"wp-image-501\" srcset=\"http:\/\/michelle-affolter.de\/wp-content\/uploads\/2021\/08\/Xx_7-m4A-1024x683.jpeg 1024w, http:\/\/michelle-affolter.de\/wp-content\/uploads\/2021\/08\/Xx_7-m4A-300x200.jpeg 300w, http:\/\/michelle-affolter.de\/wp-content\/uploads\/2021\/08\/Xx_7-m4A-768x512.jpeg 768w, http:\/\/michelle-affolter.de\/wp-content\/uploads\/2021\/08\/Xx_7-m4A-1536x1024.jpeg 1536w, http:\/\/michelle-affolter.de\/wp-content\/uploads\/2021\/08\/Xx_7-m4A-2048x1365.jpeg 2048w\" sizes=\"(max-width: 767px) 89vw, (max-width: 1000px) 54vw, (max-width: 1071px) 543px, 580px\" \/><figcaption class=\"wp-element-caption\">c Jewgeni Roppel <\/figcaption><\/figure>\n\n\n\n<figure class=\"wp-block-image size-large\"><img loading=\"lazy\" decoding=\"async\" width=\"1024\" height=\"683\" data-id=\"502\" src=\"http:\/\/michelle-affolter.de\/wp-content\/uploads\/2021\/08\/YZkY3oPg-1024x683.jpeg\" alt=\"\" class=\"wp-image-502\" srcset=\"http:\/\/michelle-affolter.de\/wp-content\/uploads\/2021\/08\/YZkY3oPg-1024x683.jpeg 1024w, http:\/\/michelle-affolter.de\/wp-content\/uploads\/2021\/08\/YZkY3oPg-300x200.jpeg 300w, http:\/\/michelle-affolter.de\/wp-content\/uploads\/2021\/08\/YZkY3oPg-768x512.jpeg 768w, http:\/\/michelle-affolter.de\/wp-content\/uploads\/2021\/08\/YZkY3oPg-1536x1024.jpeg 1536w, http:\/\/michelle-affolter.de\/wp-content\/uploads\/2021\/08\/YZkY3oPg-2048x1365.jpeg 2048w\" sizes=\"(max-width: 767px) 89vw, (max-width: 1000px) 54vw, (max-width: 1071px) 543px, 580px\" \/><figcaption class=\"wp-element-caption\">c Jewgeni Roppel<\/figcaption><\/figure>\n<\/figure>\n\n\n\n<p><\/p>\n","protected":false},"excerpt":{"rendered":"<p>Hamster Jukebox Come. Choose. Call. Wir Hamster haben gesammelt und sortiert \u2013 und nun steht unsere Jukebox!In kurzen Nummern&nbsp;&nbsp;widmen wir uns den Angewohnheiten und Gef\u00fchlen, die viele&nbsp;&nbsp;Menschen per Sprachnachricht mit uns geteilt haben. Wir erz\u00e4hlen von Kontrollverlust und \u00dcbersprungshandlungen und erwecken Alltagsrituale und Ber\u00fchrungen zum Hamsterleben. Per Telefon w\u00e4hlt ihr eure Nummer aus und wir &hellip; <\/p>\n<p class=\"link-more\"><a href=\"http:\/\/michelle-affolter.de\/?page_id=270\" class=\"more-link\"><span class=\"screen-reader-text\">\u201eHamster Jukebox (2021)\u201c<\/span> weiterlesen<\/a><\/p>\n","protected":false},"author":1,"featured_media":0,"parent":0,"menu_order":0,"comment_status":"closed","ping_status":"closed","template":"","meta":{"footnotes":""},"_links":{"self":[{"href":"http:\/\/michelle-affolter.de\/index.php?rest_route=\/wp\/v2\/pages\/270"}],"collection":[{"href":"http:\/\/michelle-affolter.de\/index.php?rest_route=\/wp\/v2\/pages"}],"about":[{"href":"http:\/\/michelle-affolter.de\/index.php?rest_route=\/wp\/v2\/types\/page"}],"author":[{"embeddable":true,"href":"http:\/\/michelle-affolter.de\/index.php?rest_route=\/wp\/v2\/users\/1"}],"replies":[{"embeddable":true,"href":"http:\/\/michelle-affolter.de\/index.php?rest_route=%2Fwp%2Fv2%2Fcomments&post=270"}],"version-history":[{"count":6,"href":"http:\/\/michelle-affolter.de\/index.php?rest_route=\/wp\/v2\/pages\/270\/revisions"}],"predecessor-version":[{"id":662,"href":"http:\/\/michelle-affolter.de\/index.php?rest_route=\/wp\/v2\/pages\/270\/revisions\/662"}],"wp:attachment":[{"href":"http:\/\/michelle-affolter.de\/index.php?rest_route=%2Fwp%2Fv2%2Fmedia&parent=270"}],"curies":[{"name":"wp","href":"https:\/\/api.w.org\/{rel}","templated":true}]}}