{"id":272,"date":"2021-01-28T17:40:06","date_gmt":"2021-01-28T17:40:06","guid":{"rendered":"http:\/\/michelle-affolter.de\/?page_id=272"},"modified":"2021-08-25T12:58:19","modified_gmt":"2021-08-25T12:58:19","slug":"was-ihr-wollt-2021","status":"publish","type":"page","link":"http:\/\/michelle-affolter.de\/?page_id=272","title":{"rendered":"Was ihr wollt (2021)"},"content":{"rendered":"\n<p class=\"has-background\" style=\"background-color:#c0d3e8\">Nach William Shakespeare <br>KanuWanderTheater am Schaalseekanal im Herzogtum Lauenburg<br>im Rahmen des Kultursommer Herzogtum Lauenburg<br><strong><br>Premiere: Freitag, 11. Juni 2021, 15 Uhr<\/strong><br><strong><br>Regie: <\/strong>Michelle Affolter<br><strong>Ausstattung: <\/strong>Hanne Lenze-Lauch<br><strong>Regieassistenz:<\/strong> Johanna Neutzling <br><\/p>\n\n\n\n<figure class=\"wp-block-audio\"><audio controls src=\"http:\/\/michelle-affolter.de\/wp-content\/uploads\/2021\/08\/Mitschnitt-Sommer-am-Kanal2-1.mp3\"><\/audio><figcaption>NDR Schleswig-Holstein Sommer am Kanal am 11.06.2021,  -Bericht von Julian Marxen <\/figcaption><\/figure>\n\n\n\n<figure class=\"wp-block-gallery columns-3 is-cropped wp-block-gallery-1 is-layout-flex wp-block-gallery-is-layout-flex\"><ul class=\"blocks-gallery-grid\"><li class=\"blocks-gallery-item\"><figure><img loading=\"lazy\" decoding=\"async\" width=\"1024\" height=\"573\" src=\"http:\/\/michelle-affolter.de\/wp-content\/uploads\/2021\/08\/BZ75110-2-1024x573.jpg\" alt=\"\" data-id=\"469\" data-full-url=\"http:\/\/michelle-affolter.de\/wp-content\/uploads\/2021\/08\/BZ75110-2-scaled.jpg\" data-link=\"http:\/\/michelle-affolter.de\/?attachment_id=469\" class=\"wp-image-469\" srcset=\"http:\/\/michelle-affolter.de\/wp-content\/uploads\/2021\/08\/BZ75110-2-1024x573.jpg 1024w, http:\/\/michelle-affolter.de\/wp-content\/uploads\/2021\/08\/BZ75110-2-300x168.jpg 300w, http:\/\/michelle-affolter.de\/wp-content\/uploads\/2021\/08\/BZ75110-2-768x430.jpg 768w, http:\/\/michelle-affolter.de\/wp-content\/uploads\/2021\/08\/BZ75110-2-1536x859.jpg 1536w, http:\/\/michelle-affolter.de\/wp-content\/uploads\/2021\/08\/BZ75110-2-2048x1146.jpg 2048w\" sizes=\"(max-width: 767px) 89vw, (max-width: 1000px) 54vw, (max-width: 1071px) 543px, 580px\" \/><\/figure><\/li><li class=\"blocks-gallery-item\"><figure><img loading=\"lazy\" decoding=\"async\" width=\"1024\" height=\"683\" src=\"http:\/\/michelle-affolter.de\/wp-content\/uploads\/2021\/08\/BZ75182-2-1024x683.jpg\" alt=\"\" data-id=\"470\" data-full-url=\"http:\/\/michelle-affolter.de\/wp-content\/uploads\/2021\/08\/BZ75182-2-scaled.jpg\" data-link=\"http:\/\/michelle-affolter.de\/?attachment_id=470\" class=\"wp-image-470\" srcset=\"http:\/\/michelle-affolter.de\/wp-content\/uploads\/2021\/08\/BZ75182-2-1024x683.jpg 1024w, http:\/\/michelle-affolter.de\/wp-content\/uploads\/2021\/08\/BZ75182-2-300x200.jpg 300w, http:\/\/michelle-affolter.de\/wp-content\/uploads\/2021\/08\/BZ75182-2-768x512.jpg 768w, http:\/\/michelle-affolter.de\/wp-content\/uploads\/2021\/08\/BZ75182-2-1536x1024.jpg 1536w, http:\/\/michelle-affolter.de\/wp-content\/uploads\/2021\/08\/BZ75182-2-2048x1365.jpg 2048w\" sizes=\"(max-width: 767px) 89vw, (max-width: 1000px) 54vw, (max-width: 1071px) 543px, 580px\" \/><\/figure><\/li><li class=\"blocks-gallery-item\"><figure><img loading=\"lazy\" decoding=\"async\" width=\"1024\" height=\"967\" src=\"http:\/\/michelle-affolter.de\/wp-content\/uploads\/2021\/08\/BZ75197-2-1024x967.jpg\" alt=\"\" data-id=\"471\" data-full-url=\"http:\/\/michelle-affolter.de\/wp-content\/uploads\/2021\/08\/BZ75197-2-scaled.jpg\" data-link=\"http:\/\/michelle-affolter.de\/?attachment_id=471\" class=\"wp-image-471\" srcset=\"http:\/\/michelle-affolter.de\/wp-content\/uploads\/2021\/08\/BZ75197-2-1024x967.jpg 1024w, http:\/\/michelle-affolter.de\/wp-content\/uploads\/2021\/08\/BZ75197-2-300x283.jpg 300w, http:\/\/michelle-affolter.de\/wp-content\/uploads\/2021\/08\/BZ75197-2-768x725.jpg 768w, http:\/\/michelle-affolter.de\/wp-content\/uploads\/2021\/08\/BZ75197-2-1536x1451.jpg 1536w, http:\/\/michelle-affolter.de\/wp-content\/uploads\/2021\/08\/BZ75197-2-2048x1934.jpg 2048w\" sizes=\"(max-width: 767px) 89vw, (max-width: 1000px) 54vw, (max-width: 1071px) 543px, 580px\" \/><\/figure><\/li><li class=\"blocks-gallery-item\"><figure><img loading=\"lazy\" decoding=\"async\" width=\"1024\" height=\"683\" src=\"http:\/\/michelle-affolter.de\/wp-content\/uploads\/2021\/08\/BZ75201-2-1024x683.jpg\" alt=\"\" data-id=\"472\" data-full-url=\"http:\/\/michelle-affolter.de\/wp-content\/uploads\/2021\/08\/BZ75201-2-scaled.jpg\" data-link=\"http:\/\/michelle-affolter.de\/?attachment_id=472\" class=\"wp-image-472\" srcset=\"http:\/\/michelle-affolter.de\/wp-content\/uploads\/2021\/08\/BZ75201-2-1024x683.jpg 1024w, http:\/\/michelle-affolter.de\/wp-content\/uploads\/2021\/08\/BZ75201-2-300x200.jpg 300w, http:\/\/michelle-affolter.de\/wp-content\/uploads\/2021\/08\/BZ75201-2-768x512.jpg 768w, http:\/\/michelle-affolter.de\/wp-content\/uploads\/2021\/08\/BZ75201-2-1536x1024.jpg 1536w, http:\/\/michelle-affolter.de\/wp-content\/uploads\/2021\/08\/BZ75201-2-2048x1365.jpg 2048w\" sizes=\"(max-width: 767px) 89vw, (max-width: 1000px) 54vw, (max-width: 1071px) 543px, 580px\" \/><\/figure><\/li><li class=\"blocks-gallery-item\"><figure><img loading=\"lazy\" decoding=\"async\" width=\"1024\" height=\"683\" src=\"http:\/\/michelle-affolter.de\/wp-content\/uploads\/2021\/08\/BZ75305-2-1024x683.jpg\" alt=\"\" data-id=\"473\" data-full-url=\"http:\/\/michelle-affolter.de\/wp-content\/uploads\/2021\/08\/BZ75305-2-scaled.jpg\" data-link=\"http:\/\/michelle-affolter.de\/?attachment_id=473\" class=\"wp-image-473\" srcset=\"http:\/\/michelle-affolter.de\/wp-content\/uploads\/2021\/08\/BZ75305-2-1024x683.jpg 1024w, http:\/\/michelle-affolter.de\/wp-content\/uploads\/2021\/08\/BZ75305-2-300x200.jpg 300w, http:\/\/michelle-affolter.de\/wp-content\/uploads\/2021\/08\/BZ75305-2-768x512.jpg 768w, http:\/\/michelle-affolter.de\/wp-content\/uploads\/2021\/08\/BZ75305-2-1536x1024.jpg 1536w, http:\/\/michelle-affolter.de\/wp-content\/uploads\/2021\/08\/BZ75305-2-2048x1365.jpg 2048w\" sizes=\"(max-width: 767px) 89vw, (max-width: 1000px) 54vw, (max-width: 1071px) 543px, 580px\" \/><\/figure><\/li><li class=\"blocks-gallery-item\"><figure><img loading=\"lazy\" decoding=\"async\" width=\"1024\" height=\"683\" src=\"http:\/\/michelle-affolter.de\/wp-content\/uploads\/2021\/08\/BZ75325-2-1024x683.jpg\" alt=\"\" data-id=\"474\" data-full-url=\"http:\/\/michelle-affolter.de\/wp-content\/uploads\/2021\/08\/BZ75325-2-scaled.jpg\" data-link=\"http:\/\/michelle-affolter.de\/?attachment_id=474\" class=\"wp-image-474\" srcset=\"http:\/\/michelle-affolter.de\/wp-content\/uploads\/2021\/08\/BZ75325-2-1024x683.jpg 1024w, http:\/\/michelle-affolter.de\/wp-content\/uploads\/2021\/08\/BZ75325-2-300x200.jpg 300w, http:\/\/michelle-affolter.de\/wp-content\/uploads\/2021\/08\/BZ75325-2-768x512.jpg 768w, http:\/\/michelle-affolter.de\/wp-content\/uploads\/2021\/08\/BZ75325-2-1536x1024.jpg 1536w, http:\/\/michelle-affolter.de\/wp-content\/uploads\/2021\/08\/BZ75325-2-2048x1365.jpg 2048w\" sizes=\"(max-width: 767px) 89vw, (max-width: 1000px) 54vw, (max-width: 1071px) 543px, 580px\" \/><\/figure><\/li><\/ul><figcaption class=\"blocks-gallery-caption\">Credits: Antje Berodt <\/figcaption><\/figure>\n\n\n\n<p class=\"has-background\" style=\"background-color:#c0d3e8\">Wenn die Musik zur Nahrung der Liebe wird, ein Narr als Entertainer ausgedient hat und ein verbitterter Zyniker sich zum Romantiker entwickelt, steigt am Schalseekanal bereits im Juni eine berauschende Silvestersause. Mit der Kom\u00f6die \u201eWas Ihr Wollt\u201c wird bereits zum<br>dritten Mal ein Shakespearestoff f\u00fcr das&nbsp;KanuWanderTheater bearbeitet. <br><br>Entlang einer 7.5 km Paddelstrecke auf dem Schalseekanal, Salemer See und Piepersee gleitet das Publikum durch eine Welt,&nbsp;in der die Selbstinszenierung zur Strategie wird, um gegen die Verg\u00e4nglichkeit der Liebe anzuk\u00e4mpfen. Die Paddler*innen werden Figuren begegnen, die hoffnungslos lieben, solche, die in die Liebe selbst verliebt sind und andere, die in ihren Liebesentw\u00fcrfen scheitern. Sie lernen Figuren kennen, die sich am Ungl\u00fcck anderer erfreuen, die ihrer verflossenen Liebe nachtrauern oder glauben, sich selbst am liebsten zu sein. Bis schlie\u00dflich alle erkennen: es ist nichts, wie es scheint.<br>Beteiligt ist wiederum ein buntes Bouquet aus spielfreudigen Darsteller*innen und Vereinen aus der Region, sowie professionelle Schauspieler*innen, Operns\u00e4nger*innen und Musiker*innen. Erstmals inszeniert die Regisseurin Michelle Affolter mit der Ausstatterin Hanne Lenze-Lauch das einzigartige Format, welches eine abwechslungsreiche Paddelexkursion mit sinnlichem Musiktheater  verkn\u00fcpft.<\/p>\n\n\n\n<figure class=\"wp-block-gallery columns-3 is-cropped wp-block-gallery-2 is-layout-flex wp-block-gallery-is-layout-flex\"><ul class=\"blocks-gallery-grid\"><li class=\"blocks-gallery-item\"><figure><img loading=\"lazy\" decoding=\"async\" width=\"1024\" height=\"725\" src=\"http:\/\/michelle-affolter.de\/wp-content\/uploads\/2021\/08\/BZ75092-1024x725.jpg\" alt=\"\" data-id=\"475\" data-link=\"http:\/\/michelle-affolter.de\/?attachment_id=475\" class=\"wp-image-475\" srcset=\"http:\/\/michelle-affolter.de\/wp-content\/uploads\/2021\/08\/BZ75092-1024x725.jpg 1024w, http:\/\/michelle-affolter.de\/wp-content\/uploads\/2021\/08\/BZ75092-300x212.jpg 300w, http:\/\/michelle-affolter.de\/wp-content\/uploads\/2021\/08\/BZ75092-768x544.jpg 768w, http:\/\/michelle-affolter.de\/wp-content\/uploads\/2021\/08\/BZ75092-1536x1088.jpg 1536w, http:\/\/michelle-affolter.de\/wp-content\/uploads\/2021\/08\/BZ75092-2048x1450.jpg 2048w\" sizes=\"(max-width: 767px) 89vw, (max-width: 1000px) 54vw, (max-width: 1071px) 543px, 580px\" \/><\/figure><\/li><li class=\"blocks-gallery-item\"><figure><img loading=\"lazy\" decoding=\"async\" width=\"1024\" height=\"684\" src=\"http:\/\/michelle-affolter.de\/wp-content\/uploads\/2021\/08\/AB13920-1024x684.jpg\" alt=\"\" data-id=\"483\" data-link=\"http:\/\/michelle-affolter.de\/?attachment_id=483\" class=\"wp-image-483\" srcset=\"http:\/\/michelle-affolter.de\/wp-content\/uploads\/2021\/08\/AB13920-1024x684.jpg 1024w, http:\/\/michelle-affolter.de\/wp-content\/uploads\/2021\/08\/AB13920-300x200.jpg 300w, http:\/\/michelle-affolter.de\/wp-content\/uploads\/2021\/08\/AB13920-768x513.jpg 768w, http:\/\/michelle-affolter.de\/wp-content\/uploads\/2021\/08\/AB13920-1536x1025.jpg 1536w, http:\/\/michelle-affolter.de\/wp-content\/uploads\/2021\/08\/AB13920-2048x1367.jpg 2048w\" sizes=\"(max-width: 767px) 89vw, (max-width: 1000px) 54vw, (max-width: 1071px) 543px, 580px\" \/><\/figure><\/li><li class=\"blocks-gallery-item\"><figure><img loading=\"lazy\" decoding=\"async\" width=\"1024\" height=\"991\" src=\"http:\/\/michelle-affolter.de\/wp-content\/uploads\/2021\/08\/BZ75252-1-1024x991.jpg\" alt=\"\" data-id=\"485\" data-link=\"http:\/\/michelle-affolter.de\/?attachment_id=485\" class=\"wp-image-485\" srcset=\"http:\/\/michelle-affolter.de\/wp-content\/uploads\/2021\/08\/BZ75252-1-1024x991.jpg 1024w, http:\/\/michelle-affolter.de\/wp-content\/uploads\/2021\/08\/BZ75252-1-300x290.jpg 300w, http:\/\/michelle-affolter.de\/wp-content\/uploads\/2021\/08\/BZ75252-1-768x743.jpg 768w, http:\/\/michelle-affolter.de\/wp-content\/uploads\/2021\/08\/BZ75252-1-1536x1487.jpg 1536w, http:\/\/michelle-affolter.de\/wp-content\/uploads\/2021\/08\/BZ75252-1-2048x1982.jpg 2048w\" sizes=\"(max-width: 767px) 89vw, (max-width: 1000px) 54vw, (max-width: 1071px) 543px, 580px\" \/><\/figure><\/li><li class=\"blocks-gallery-item\"><figure><img loading=\"lazy\" decoding=\"async\" width=\"1024\" height=\"683\" src=\"http:\/\/michelle-affolter.de\/wp-content\/uploads\/2021\/08\/BZ75234-1024x683.jpg\" alt=\"\" data-id=\"486\" data-full-url=\"http:\/\/michelle-affolter.de\/wp-content\/uploads\/2021\/08\/BZ75234-scaled.jpg\" data-link=\"http:\/\/michelle-affolter.de\/?attachment_id=486\" class=\"wp-image-486\" srcset=\"http:\/\/michelle-affolter.de\/wp-content\/uploads\/2021\/08\/BZ75234-1024x683.jpg 1024w, http:\/\/michelle-affolter.de\/wp-content\/uploads\/2021\/08\/BZ75234-300x200.jpg 300w, http:\/\/michelle-affolter.de\/wp-content\/uploads\/2021\/08\/BZ75234-768x512.jpg 768w, http:\/\/michelle-affolter.de\/wp-content\/uploads\/2021\/08\/BZ75234-1536x1024.jpg 1536w, http:\/\/michelle-affolter.de\/wp-content\/uploads\/2021\/08\/BZ75234-2048x1365.jpg 2048w\" sizes=\"(max-width: 767px) 89vw, (max-width: 1000px) 54vw, (max-width: 1071px) 543px, 580px\" \/><\/figure><\/li><\/ul><figcaption class=\"blocks-gallery-caption\">Credits: Antje Berodt <\/figcaption><\/figure>\n\n\n\n<figure class=\"wp-block-gallery columns-0 is-cropped wp-block-gallery-3 is-layout-flex wp-block-gallery-is-layout-flex\"><ul class=\"blocks-gallery-grid\"><\/ul><\/figure>\n\n\n\n<p><\/p>\n\n\n","protected":false},"excerpt":{"rendered":"<p>Nach William Shakespeare KanuWanderTheater am Schaalseekanal im Herzogtum Lauenburgim Rahmen des Kultursommer Herzogtum LauenburgPremiere: Freitag, 11. Juni 2021, 15 UhrRegie: Michelle AffolterAusstattung: Hanne Lenze-LauchRegieassistenz: Johanna Neutzling Wenn die Musik zur Nahrung der Liebe wird, ein Narr als Entertainer ausgedient hat und ein verbitterter Zyniker sich zum Romantiker entwickelt, steigt am Schalseekanal bereits im Juni eine &hellip; <\/p>\n<p class=\"link-more\"><a href=\"http:\/\/michelle-affolter.de\/?page_id=272\" class=\"more-link\"><span class=\"screen-reader-text\">\u201eWas ihr wollt (2021)\u201c<\/span> weiterlesen<\/a><\/p>\n","protected":false},"author":1,"featured_media":0,"parent":2,"menu_order":0,"comment_status":"closed","ping_status":"closed","template":"","meta":{"footnotes":""},"_links":{"self":[{"href":"http:\/\/michelle-affolter.de\/index.php?rest_route=\/wp\/v2\/pages\/272"}],"collection":[{"href":"http:\/\/michelle-affolter.de\/index.php?rest_route=\/wp\/v2\/pages"}],"about":[{"href":"http:\/\/michelle-affolter.de\/index.php?rest_route=\/wp\/v2\/types\/page"}],"author":[{"embeddable":true,"href":"http:\/\/michelle-affolter.de\/index.php?rest_route=\/wp\/v2\/users\/1"}],"replies":[{"embeddable":true,"href":"http:\/\/michelle-affolter.de\/index.php?rest_route=%2Fwp%2Fv2%2Fcomments&post=272"}],"version-history":[{"count":8,"href":"http:\/\/michelle-affolter.de\/index.php?rest_route=\/wp\/v2\/pages\/272\/revisions"}],"predecessor-version":[{"id":491,"href":"http:\/\/michelle-affolter.de\/index.php?rest_route=\/wp\/v2\/pages\/272\/revisions\/491"}],"up":[{"embeddable":true,"href":"http:\/\/michelle-affolter.de\/index.php?rest_route=\/wp\/v2\/pages\/2"}],"wp:attachment":[{"href":"http:\/\/michelle-affolter.de\/index.php?rest_route=%2Fwp%2Fv2%2Fmedia&parent=272"}],"curies":[{"name":"wp","href":"https:\/\/api.w.org\/{rel}","templated":true}]}}