{"id":284,"date":"2021-01-28T17:47:23","date_gmt":"2021-01-28T17:47:23","guid":{"rendered":"http:\/\/michelle-affolter.de\/?page_id=284"},"modified":"2021-02-14T16:54:43","modified_gmt":"2021-02-14T16:54:43","slug":"nicht-zu-nah-2019","status":"publish","type":"page","link":"http:\/\/michelle-affolter.de\/?page_id=284","title":{"rendered":"Nicht Zu Nah (2019)"},"content":{"rendered":"\n<h2 class=\"wp-block-heading\"><strong>Nicht Zu Nah<\/strong><\/h2>\n\n\n\n<h2 class=\"has-black-color has-text-color has-background wp-block-heading\" style=\"background-color:#c0d3e8;font-size:15px\">Musiktheatrale Performance nach Motiven aus Schuberts Erlk\u00f6nig<br>Mit Neuer Musik f\u00fcr Countertenor, Klavier und Electronics<br><br>Abschlussinszenierung Michelle Affolter HfMT Hamburg, <br><br>Premiere: 04.04.2019, Forum <\/h2>\n\n\n\n<figure class=\"wp-block-gallery columns-3 is-cropped wp-block-gallery-1 is-layout-flex wp-block-gallery-is-layout-flex\"><ul class=\"blocks-gallery-grid\"><li class=\"blocks-gallery-item\"><figure><img loading=\"lazy\" decoding=\"async\" width=\"1024\" height=\"660\" src=\"http:\/\/michelle-affolter.de\/wp-content\/uploads\/2021\/02\/57160378_1232077756965403_5580943193765052416_o-1024x660.jpg\" alt=\"\" data-id=\"348\" data-full-url=\"http:\/\/michelle-affolter.de\/wp-content\/uploads\/2021\/02\/57160378_1232077756965403_5580943193765052416_o.jpg\" data-link=\"http:\/\/michelle-affolter.de\/?attachment_id=348\" class=\"wp-image-348\" srcset=\"http:\/\/michelle-affolter.de\/wp-content\/uploads\/2021\/02\/57160378_1232077756965403_5580943193765052416_o-1024x660.jpg 1024w, http:\/\/michelle-affolter.de\/wp-content\/uploads\/2021\/02\/57160378_1232077756965403_5580943193765052416_o-300x193.jpg 300w, http:\/\/michelle-affolter.de\/wp-content\/uploads\/2021\/02\/57160378_1232077756965403_5580943193765052416_o-768x495.jpg 768w, http:\/\/michelle-affolter.de\/wp-content\/uploads\/2021\/02\/57160378_1232077756965403_5580943193765052416_o-1536x990.jpg 1536w, http:\/\/michelle-affolter.de\/wp-content\/uploads\/2021\/02\/57160378_1232077756965403_5580943193765052416_o.jpg 1808w\" sizes=\"(max-width: 767px) 89vw, (max-width: 1000px) 54vw, (max-width: 1071px) 543px, 580px\" \/><\/figure><\/li><li class=\"blocks-gallery-item\"><figure><img loading=\"lazy\" decoding=\"async\" width=\"1024\" height=\"578\" src=\"http:\/\/michelle-affolter.de\/wp-content\/uploads\/2021\/02\/57398556_1237504619756050_9057674698246062080_o-1024x578.jpg\" alt=\"\" data-id=\"349\" data-full-url=\"http:\/\/michelle-affolter.de\/wp-content\/uploads\/2021\/02\/57398556_1237504619756050_9057674698246062080_o.jpg\" data-link=\"http:\/\/michelle-affolter.de\/?attachment_id=349\" class=\"wp-image-349\" srcset=\"http:\/\/michelle-affolter.de\/wp-content\/uploads\/2021\/02\/57398556_1237504619756050_9057674698246062080_o-1024x578.jpg 1024w, http:\/\/michelle-affolter.de\/wp-content\/uploads\/2021\/02\/57398556_1237504619756050_9057674698246062080_o-300x169.jpg 300w, http:\/\/michelle-affolter.de\/wp-content\/uploads\/2021\/02\/57398556_1237504619756050_9057674698246062080_o-768x434.jpg 768w, http:\/\/michelle-affolter.de\/wp-content\/uploads\/2021\/02\/57398556_1237504619756050_9057674698246062080_o-1536x867.jpg 1536w, http:\/\/michelle-affolter.de\/wp-content\/uploads\/2021\/02\/57398556_1237504619756050_9057674698246062080_o.jpg 1808w\" sizes=\"(max-width: 767px) 89vw, (max-width: 1000px) 54vw, (max-width: 1071px) 543px, 580px\" \/><\/figure><\/li><li class=\"blocks-gallery-item\"><figure><img loading=\"lazy\" decoding=\"async\" width=\"1024\" height=\"654\" src=\"http:\/\/michelle-affolter.de\/wp-content\/uploads\/2021\/02\/57404822_1237505419755970_3242535609369100288_o-1024x654.jpg\" alt=\"\" data-id=\"350\" data-full-url=\"http:\/\/michelle-affolter.de\/wp-content\/uploads\/2021\/02\/57404822_1237505419755970_3242535609369100288_o.jpg\" data-link=\"http:\/\/michelle-affolter.de\/?attachment_id=350\" class=\"wp-image-350\" srcset=\"http:\/\/michelle-affolter.de\/wp-content\/uploads\/2021\/02\/57404822_1237505419755970_3242535609369100288_o-1024x654.jpg 1024w, http:\/\/michelle-affolter.de\/wp-content\/uploads\/2021\/02\/57404822_1237505419755970_3242535609369100288_o-300x192.jpg 300w, http:\/\/michelle-affolter.de\/wp-content\/uploads\/2021\/02\/57404822_1237505419755970_3242535609369100288_o-768x491.jpg 768w, http:\/\/michelle-affolter.de\/wp-content\/uploads\/2021\/02\/57404822_1237505419755970_3242535609369100288_o-1536x981.jpg 1536w, http:\/\/michelle-affolter.de\/wp-content\/uploads\/2021\/02\/57404822_1237505419755970_3242535609369100288_o.jpg 1802w\" sizes=\"(max-width: 767px) 89vw, (max-width: 1000px) 54vw, (max-width: 1071px) 543px, 580px\" \/><\/figure><\/li><li class=\"blocks-gallery-item\"><figure><img loading=\"lazy\" decoding=\"async\" width=\"1024\" height=\"683\" src=\"http:\/\/michelle-affolter.de\/wp-content\/uploads\/2021\/02\/57457028_1237505193089326_7040058088044363776_o-1024x683.jpg\" alt=\"\" data-id=\"351\" data-full-url=\"http:\/\/michelle-affolter.de\/wp-content\/uploads\/2021\/02\/57457028_1237505193089326_7040058088044363776_o.jpg\" data-link=\"http:\/\/michelle-affolter.de\/?attachment_id=351\" class=\"wp-image-351\" srcset=\"http:\/\/michelle-affolter.de\/wp-content\/uploads\/2021\/02\/57457028_1237505193089326_7040058088044363776_o-1024x683.jpg 1024w, http:\/\/michelle-affolter.de\/wp-content\/uploads\/2021\/02\/57457028_1237505193089326_7040058088044363776_o-300x200.jpg 300w, http:\/\/michelle-affolter.de\/wp-content\/uploads\/2021\/02\/57457028_1237505193089326_7040058088044363776_o-768x513.jpg 768w, http:\/\/michelle-affolter.de\/wp-content\/uploads\/2021\/02\/57457028_1237505193089326_7040058088044363776_o-1536x1025.jpg 1536w, http:\/\/michelle-affolter.de\/wp-content\/uploads\/2021\/02\/57457028_1237505193089326_7040058088044363776_o.jpg 1765w\" sizes=\"(max-width: 767px) 89vw, (max-width: 1000px) 54vw, (max-width: 1071px) 543px, 580px\" \/><\/figure><\/li><li class=\"blocks-gallery-item\"><figure><img loading=\"lazy\" decoding=\"async\" width=\"1024\" height=\"684\" src=\"http:\/\/michelle-affolter.de\/wp-content\/uploads\/2021\/02\/57548385_1237504939756018_5426003687375896576_o-1024x684.jpg\" alt=\"\" data-id=\"352\" data-full-url=\"http:\/\/michelle-affolter.de\/wp-content\/uploads\/2021\/02\/57548385_1237504939756018_5426003687375896576_o.jpg\" data-link=\"http:\/\/michelle-affolter.de\/?attachment_id=352\" class=\"wp-image-352\" srcset=\"http:\/\/michelle-affolter.de\/wp-content\/uploads\/2021\/02\/57548385_1237504939756018_5426003687375896576_o-1024x684.jpg 1024w, http:\/\/michelle-affolter.de\/wp-content\/uploads\/2021\/02\/57548385_1237504939756018_5426003687375896576_o-300x200.jpg 300w, http:\/\/michelle-affolter.de\/wp-content\/uploads\/2021\/02\/57548385_1237504939756018_5426003687375896576_o-768x513.jpg 768w, http:\/\/michelle-affolter.de\/wp-content\/uploads\/2021\/02\/57548385_1237504939756018_5426003687375896576_o-1536x1025.jpg 1536w, http:\/\/michelle-affolter.de\/wp-content\/uploads\/2021\/02\/57548385_1237504939756018_5426003687375896576_o.jpg 1811w\" sizes=\"(max-width: 767px) 89vw, (max-width: 1000px) 54vw, (max-width: 1071px) 543px, 580px\" \/><\/figure><\/li><li class=\"blocks-gallery-item\"><figure><img loading=\"lazy\" decoding=\"async\" width=\"1024\" height=\"649\" src=\"http:\/\/michelle-affolter.de\/wp-content\/uploads\/2021\/02\/57624849_1237505999755912_6104943836830629888_o-1024x649.jpg\" alt=\"\" data-id=\"353\" data-full-url=\"http:\/\/michelle-affolter.de\/wp-content\/uploads\/2021\/02\/57624849_1237505999755912_6104943836830629888_o.jpg\" data-link=\"http:\/\/michelle-affolter.de\/?attachment_id=353\" class=\"wp-image-353\" srcset=\"http:\/\/michelle-affolter.de\/wp-content\/uploads\/2021\/02\/57624849_1237505999755912_6104943836830629888_o-1024x649.jpg 1024w, http:\/\/michelle-affolter.de\/wp-content\/uploads\/2021\/02\/57624849_1237505999755912_6104943836830629888_o-300x190.jpg 300w, http:\/\/michelle-affolter.de\/wp-content\/uploads\/2021\/02\/57624849_1237505999755912_6104943836830629888_o-768x486.jpg 768w, http:\/\/michelle-affolter.de\/wp-content\/uploads\/2021\/02\/57624849_1237505999755912_6104943836830629888_o-1536x973.jpg 1536w, http:\/\/michelle-affolter.de\/wp-content\/uploads\/2021\/02\/57624849_1237505999755912_6104943836830629888_o.jpg 1795w\" sizes=\"(max-width: 767px) 89vw, (max-width: 1000px) 54vw, (max-width: 1071px) 543px, 580px\" \/><\/figure><\/li><li class=\"blocks-gallery-item\"><figure><img loading=\"lazy\" decoding=\"async\" width=\"1024\" height=\"683\" src=\"http:\/\/michelle-affolter.de\/wp-content\/uploads\/2021\/02\/58373930_1237504789756033_6728397582961213440_o-1024x683.jpg\" alt=\"\" data-id=\"354\" data-full-url=\"http:\/\/michelle-affolter.de\/wp-content\/uploads\/2021\/02\/58373930_1237504789756033_6728397582961213440_o.jpg\" data-link=\"http:\/\/michelle-affolter.de\/?attachment_id=354\" class=\"wp-image-354\" srcset=\"http:\/\/michelle-affolter.de\/wp-content\/uploads\/2021\/02\/58373930_1237504789756033_6728397582961213440_o-1024x683.jpg 1024w, http:\/\/michelle-affolter.de\/wp-content\/uploads\/2021\/02\/58373930_1237504789756033_6728397582961213440_o-300x200.jpg 300w, http:\/\/michelle-affolter.de\/wp-content\/uploads\/2021\/02\/58373930_1237504789756033_6728397582961213440_o-768x513.jpg 768w, http:\/\/michelle-affolter.de\/wp-content\/uploads\/2021\/02\/58373930_1237504789756033_6728397582961213440_o-1536x1025.jpg 1536w, http:\/\/michelle-affolter.de\/wp-content\/uploads\/2021\/02\/58373930_1237504789756033_6728397582961213440_o.jpg 1798w\" sizes=\"(max-width: 767px) 89vw, (max-width: 1000px) 54vw, (max-width: 1071px) 543px, 580px\" \/><\/figure><\/li><li class=\"blocks-gallery-item\"><figure><img loading=\"lazy\" decoding=\"async\" width=\"1024\" height=\"646\" src=\"http:\/\/michelle-affolter.de\/wp-content\/uploads\/2021\/02\/58377583_1237504409756071_1432218821229281280_o-1024x646.jpg\" alt=\"\" data-id=\"355\" data-full-url=\"http:\/\/michelle-affolter.de\/wp-content\/uploads\/2021\/02\/58377583_1237504409756071_1432218821229281280_o.jpg\" data-link=\"http:\/\/michelle-affolter.de\/?attachment_id=355\" class=\"wp-image-355\" srcset=\"http:\/\/michelle-affolter.de\/wp-content\/uploads\/2021\/02\/58377583_1237504409756071_1432218821229281280_o-1024x646.jpg 1024w, http:\/\/michelle-affolter.de\/wp-content\/uploads\/2021\/02\/58377583_1237504409756071_1432218821229281280_o-300x189.jpg 300w, http:\/\/michelle-affolter.de\/wp-content\/uploads\/2021\/02\/58377583_1237504409756071_1432218821229281280_o-768x485.jpg 768w, http:\/\/michelle-affolter.de\/wp-content\/uploads\/2021\/02\/58377583_1237504409756071_1432218821229281280_o-1536x969.jpg 1536w, http:\/\/michelle-affolter.de\/wp-content\/uploads\/2021\/02\/58377583_1237504409756071_1432218821229281280_o.jpg 1827w\" sizes=\"(max-width: 767px) 89vw, (max-width: 1000px) 54vw, (max-width: 1071px) 543px, 580px\" \/><\/figure><\/li><li class=\"blocks-gallery-item\"><figure><img loading=\"lazy\" decoding=\"async\" width=\"1024\" height=\"683\" src=\"http:\/\/michelle-affolter.de\/wp-content\/uploads\/2021\/02\/58691936_1237505076422671_1683310533568102400_o-1024x683.jpg\" alt=\"\" data-id=\"356\" data-full-url=\"http:\/\/michelle-affolter.de\/wp-content\/uploads\/2021\/02\/58691936_1237505076422671_1683310533568102400_o.jpg\" data-link=\"http:\/\/michelle-affolter.de\/?attachment_id=356\" class=\"wp-image-356\" srcset=\"http:\/\/michelle-affolter.de\/wp-content\/uploads\/2021\/02\/58691936_1237505076422671_1683310533568102400_o-1024x683.jpg 1024w, http:\/\/michelle-affolter.de\/wp-content\/uploads\/2021\/02\/58691936_1237505076422671_1683310533568102400_o-300x200.jpg 300w, http:\/\/michelle-affolter.de\/wp-content\/uploads\/2021\/02\/58691936_1237505076422671_1683310533568102400_o-768x512.jpg 768w, http:\/\/michelle-affolter.de\/wp-content\/uploads\/2021\/02\/58691936_1237505076422671_1683310533568102400_o-1536x1025.jpg 1536w, http:\/\/michelle-affolter.de\/wp-content\/uploads\/2021\/02\/58691936_1237505076422671_1683310533568102400_o.jpg 1764w\" sizes=\"(max-width: 767px) 89vw, (max-width: 1000px) 54vw, (max-width: 1071px) 543px, 580px\" \/><\/figure><\/li><li class=\"blocks-gallery-item\"><figure><img loading=\"lazy\" decoding=\"async\" width=\"1024\" height=\"582\" src=\"http:\/\/michelle-affolter.de\/wp-content\/uploads\/2021\/02\/nicht-zu-nah-1024x582.jpg\" alt=\"\" data-id=\"357\" data-full-url=\"http:\/\/michelle-affolter.de\/wp-content\/uploads\/2021\/02\/nicht-zu-nah.jpg\" data-link=\"http:\/\/michelle-affolter.de\/?attachment_id=357\" class=\"wp-image-357\" srcset=\"http:\/\/michelle-affolter.de\/wp-content\/uploads\/2021\/02\/nicht-zu-nah-1024x582.jpg 1024w, http:\/\/michelle-affolter.de\/wp-content\/uploads\/2021\/02\/nicht-zu-nah-300x170.jpg 300w, http:\/\/michelle-affolter.de\/wp-content\/uploads\/2021\/02\/nicht-zu-nah-768x436.jpg 768w, http:\/\/michelle-affolter.de\/wp-content\/uploads\/2021\/02\/nicht-zu-nah-1536x873.jpg 1536w, http:\/\/michelle-affolter.de\/wp-content\/uploads\/2021\/02\/nicht-zu-nah.jpg 1811w\" sizes=\"(max-width: 767px) 89vw, (max-width: 1000px) 54vw, (max-width: 1071px) 543px, 580px\" \/><\/figure><\/li><\/ul><figcaption class=\"blocks-gallery-caption\">Fotocredits: Andreas Schlieter<\/figcaption><\/figure>\n\n\n\n<figure class=\"wp-block-embed is-type-video is-provider-vimeo wp-block-embed-vimeo wp-embed-aspect-16-9 wp-has-aspect-ratio\"><div class=\"wp-block-embed__wrapper\">\n<iframe loading=\"lazy\" title=\"Nicht Zu Nah Trailer\" src=\"https:\/\/player.vimeo.com\/video\/398725431?dnt=1&amp;app_id=122963&amp;h=0f227d91e3\" width=\"525\" height=\"295\" frameborder=\"0\" allow=\"autoplay; fullscreen; picture-in-picture\" allowfullscreen><\/iframe>\n<\/div><figcaption>Video: Camillo Ritter         Schnitt: Stefan Affolter<\/figcaption><\/figure>\n\n\n\n<p class=\"has-background\" style=\"background-color:#c0d3e8\"><strong>\u00bbEinen Bruder zu haben, eine Schwester, einfach zu wissen, dass sie da sind, darauf kommt es an!\u00ab <\/strong>Geschwister k\u00f6nnen die Welt f\u00fcreinander sein. Wird die N\u00e4he des Anderen jedoch unertr\u00e4glich, schmerzt die Ber\u00fchrung mehr als sie heilt, wird die Familie vom Schutz- zum Angstraum. Sexualisierte Gewalt durch Geschwister ist das Gewaltdelikt mit der h\u00f6chsten Dunkelziffer und stellt sowohl auf gesamtgesellschaftlicher Ebene wie auch in Fachkreisen ein Tabuthema dar.<br>Nicht Zu Nah verwebt Interviewmaterial mit Jugendlichen, die sexualisierte Gewalt durch Geschwister erlebt oder selbst \u00dcbergriffe an Br\u00fcdern und Schwestern ver\u00fcbt haben, mit fiebrigen Klangwelten, Filmkunst und Choreografie \u2013 stotternde Erz\u00e4hlungen von Einsamkeit im Wechselbad mit n\u00fcchternen Beschreibungen schwer vorstellbaren emotionalen und physischen Missbrauchs. \u201eWas w\u00e4re ich, wenn das nicht passiert w\u00e4re?\u201c<\/p>\n\n\n\n<p class=\"has-background\" style=\"background-color:#c0d3e8\"><strong>Regie:&nbsp;<\/strong>Michelle Affolter <br><strong>Komposition:<\/strong>&nbsp;Carlos Andr\u00e9s Rico<br><strong>B\u00fchne:&nbsp;<\/strong>Florence Schreiber<br><strong>Kost\u00fcm: <\/strong>Lina Mayer<br><strong>Film:<\/strong>&nbsp;Ruben Christiansen<br><strong>Dramaturgie:&nbsp;<\/strong>Mara Nitz<br><strong>Regieassistenz:&nbsp;<\/strong>Vera Urweider<br><strong>B\u00fchnenbildassistenz:&nbsp;<\/strong>Lisa Rinaldi<br><strong>Kost\u00fcmbildassistenz<\/strong>: Ida Bekic &amp; Johanna Winkler<br><strong>Mit:&nbsp;<\/strong>Lisa Ursula Tschanz, Ben Boresch, Sara Reifenscheid,&nbsp;Tino Frers,&nbsp;Carlos Andr\u00e9s Rico und Dulguun Chinchuluun<br><strong>Bewegungschor: <\/strong>Philipp Achelp\u00f6hler,&nbsp;Julia Berchtold,&nbsp;Saskia Corleis, Ryan Dykes, Kai Hochh\u00e4usler, Celina Kr\u00f6ll, Anika Lamde, Maxie L\u00e9a D\u00e9v\u00e9hat Yasin Sacak,&nbsp;Franziska Schulze,&nbsp;Sabrina Waldner, Lennart Wawro, Caroline Zintz<\/p>\n\n\n\n<div class=\"wp-block-file\"><a href=\"http:\/\/michelle-affolter.de\/wp-content\/uploads\/2021\/02\/Die-Welt_Nicht_zu_nah_Nelissen_190413.pdf\"><strong>Rezensionen: <\/strong><br>Die-Welt_Nicht_zu_nah_ MonikaNelissen_13.04.2019<\/a><a href=\"http:\/\/michelle-affolter.de\/wp-content\/uploads\/2021\/02\/Die-Welt_Nicht_zu_nah_Nelissen_190413.pdf\" class=\"wp-block-file__button\" download>Herunterladen<\/a><\/div>\n\n\n\n<div class=\"wp-block-file\"><a href=\"http:\/\/michelle-affolter.de\/wp-content\/uploads\/2021\/02\/O-Ton_Hamburg_Nicht-zu_nah_Dombrowski_190404.pdf\">O-Ton_Hamburg_Nicht-zu_nah_HerbertDombrowski_94.04.2019<\/a><a href=\"http:\/\/michelle-affolter.de\/wp-content\/uploads\/2021\/02\/O-Ton_Hamburg_Nicht-zu_nah_Dombrowski_190404.pdf\" class=\"wp-block-file__button\" download>Herunterladen<\/a><\/div>\n\n\n\n<p><\/p>\n","protected":false},"excerpt":{"rendered":"<p>Nicht Zu Nah Musiktheatrale Performance nach Motiven aus Schuberts Erlk\u00f6nigMit Neuer Musik f\u00fcr Countertenor, Klavier und Electronics Abschlussinszenierung Michelle Affolter HfMT Hamburg, Premiere: 04.04.2019, Forum \u00bbEinen Bruder zu haben, eine Schwester, einfach zu wissen, dass sie da sind, darauf kommt es an!\u00ab Geschwister k\u00f6nnen die Welt f\u00fcreinander sein. Wird die N\u00e4he des Anderen jedoch unertr\u00e4glich, &hellip; <\/p>\n<p class=\"link-more\"><a href=\"http:\/\/michelle-affolter.de\/?page_id=284\" class=\"more-link\"><span class=\"screen-reader-text\">\u201eNicht Zu Nah (2019)\u201c<\/span> weiterlesen<\/a><\/p>\n","protected":false},"author":1,"featured_media":0,"parent":0,"menu_order":0,"comment_status":"closed","ping_status":"closed","template":"","meta":{"footnotes":""},"_links":{"self":[{"href":"http:\/\/michelle-affolter.de\/index.php?rest_route=\/wp\/v2\/pages\/284"}],"collection":[{"href":"http:\/\/michelle-affolter.de\/index.php?rest_route=\/wp\/v2\/pages"}],"about":[{"href":"http:\/\/michelle-affolter.de\/index.php?rest_route=\/wp\/v2\/types\/page"}],"author":[{"embeddable":true,"href":"http:\/\/michelle-affolter.de\/index.php?rest_route=\/wp\/v2\/users\/1"}],"replies":[{"embeddable":true,"href":"http:\/\/michelle-affolter.de\/index.php?rest_route=%2Fwp%2Fv2%2Fcomments&post=284"}],"version-history":[{"count":7,"href":"http:\/\/michelle-affolter.de\/index.php?rest_route=\/wp\/v2\/pages\/284\/revisions"}],"predecessor-version":[{"id":452,"href":"http:\/\/michelle-affolter.de\/index.php?rest_route=\/wp\/v2\/pages\/284\/revisions\/452"}],"wp:attachment":[{"href":"http:\/\/michelle-affolter.de\/index.php?rest_route=%2Fwp%2Fv2%2Fmedia&parent=284"}],"curies":[{"name":"wp","href":"https:\/\/api.w.org\/{rel}","templated":true}]}}