{"id":286,"date":"2021-01-28T17:48:02","date_gmt":"2021-01-28T17:48:02","guid":{"rendered":"http:\/\/michelle-affolter.de\/?page_id=286"},"modified":"2023-12-10T08:00:52","modified_gmt":"2023-12-10T08:00:52","slug":"hurenschnack-2018","status":"publish","type":"page","link":"http:\/\/michelle-affolter.de\/?page_id=286","title":{"rendered":"Hurenschnack (2018)"},"content":{"rendered":"\n<p class=\"has-white-background-color has-text-color has-background\" style=\"color:#0071a1\"><strong>Eine Performance zu Sexarbeit in Hamburg<\/strong><\/p>\n\n\n\n<p class=\"has-black-color has-text-color has-background\" style=\"background-color:#c0d3e8\">Urauff\u00fchrung im St. Pauli Theater (Kiezst\u00fcrmer 2018) <br>am 02.10.2018<br><br>Eingeladen zu WePresent #10 im Lichthof Theater am 01.02.2019<\/p>\n\n\n\n<div class=\"wp-block-group is-layout-flow wp-block-group-is-layout-flow\"><div class=\"wp-block-group__inner-container\">\n<figure class=\"wp-block-gallery has-nested-images columns-default is-cropped wp-block-gallery-1 is-layout-flex wp-block-gallery-is-layout-flex\">\n<figure class=\"wp-block-image size-large\"><img loading=\"lazy\" decoding=\"async\" width=\"800\" height=\"524\" src=\"http:\/\/michelle-affolter.de\/wp-content\/uploads\/2021\/02\/44729207_1120264274813419_1408821840855433216_n.jpg\" alt=\"\" class=\"wp-image-336\" srcset=\"http:\/\/michelle-affolter.de\/wp-content\/uploads\/2021\/02\/44729207_1120264274813419_1408821840855433216_n.jpg 800w, http:\/\/michelle-affolter.de\/wp-content\/uploads\/2021\/02\/44729207_1120264274813419_1408821840855433216_n-300x197.jpg 300w, http:\/\/michelle-affolter.de\/wp-content\/uploads\/2021\/02\/44729207_1120264274813419_1408821840855433216_n-768x503.jpg 768w\" sizes=\"(max-width: 767px) 89vw, (max-width: 1000px) 54vw, (max-width: 1071px) 543px, 580px\" \/><figcaption class=\"wp-element-caption\">c Tilmann Engel<\/figcaption><\/figure>\n\n\n\n<figure class=\"wp-block-image size-large\"><img loading=\"lazy\" decoding=\"async\" width=\"800\" height=\"509\" src=\"http:\/\/michelle-affolter.de\/wp-content\/uploads\/2021\/02\/51558846_1183958021777377_4980632823074390016_n.jpg\" alt=\"\" class=\"wp-image-337\" srcset=\"http:\/\/michelle-affolter.de\/wp-content\/uploads\/2021\/02\/51558846_1183958021777377_4980632823074390016_n.jpg 800w, http:\/\/michelle-affolter.de\/wp-content\/uploads\/2021\/02\/51558846_1183958021777377_4980632823074390016_n-300x191.jpg 300w, http:\/\/michelle-affolter.de\/wp-content\/uploads\/2021\/02\/51558846_1183958021777377_4980632823074390016_n-768x489.jpg 768w\" sizes=\"(max-width: 767px) 89vw, (max-width: 1000px) 54vw, (max-width: 1071px) 543px, 580px\" \/><figcaption class=\"wp-element-caption\">c Tilmann Engel<\/figcaption><\/figure>\n\n\n\n<figure class=\"wp-block-image size-large\"><img loading=\"lazy\" decoding=\"async\" width=\"800\" height=\"558\" src=\"http:\/\/michelle-affolter.de\/wp-content\/uploads\/2021\/02\/44705925_1120281508145029_8243446618020380672_n.jpg\" alt=\"\" class=\"wp-image-338\" srcset=\"http:\/\/michelle-affolter.de\/wp-content\/uploads\/2021\/02\/44705925_1120281508145029_8243446618020380672_n.jpg 800w, http:\/\/michelle-affolter.de\/wp-content\/uploads\/2021\/02\/44705925_1120281508145029_8243446618020380672_n-300x209.jpg 300w, http:\/\/michelle-affolter.de\/wp-content\/uploads\/2021\/02\/44705925_1120281508145029_8243446618020380672_n-768x536.jpg 768w\" sizes=\"(max-width: 767px) 89vw, (max-width: 1000px) 54vw, (max-width: 1071px) 543px, 580px\" \/><figcaption class=\"wp-element-caption\">c Tilmann Engel<\/figcaption><\/figure>\n\n\n\n<figure class=\"wp-block-image size-large\"><img loading=\"lazy\" decoding=\"async\" width=\"800\" height=\"551\" src=\"http:\/\/michelle-affolter.de\/wp-content\/uploads\/2021\/02\/43756752_1120264631480050_2294531697443602432_n-1.jpg\" alt=\"\" class=\"wp-image-360\" srcset=\"http:\/\/michelle-affolter.de\/wp-content\/uploads\/2021\/02\/43756752_1120264631480050_2294531697443602432_n-1.jpg 800w, http:\/\/michelle-affolter.de\/wp-content\/uploads\/2021\/02\/43756752_1120264631480050_2294531697443602432_n-1-300x207.jpg 300w, http:\/\/michelle-affolter.de\/wp-content\/uploads\/2021\/02\/43756752_1120264631480050_2294531697443602432_n-1-768x529.jpg 768w\" sizes=\"(max-width: 767px) 89vw, (max-width: 1000px) 54vw, (max-width: 1071px) 543px, 580px\" \/><figcaption class=\"wp-element-caption\">c Tilmann Engel<\/figcaption><\/figure>\n\n\n\n<figure class=\"wp-block-image size-large\"><img loading=\"lazy\" decoding=\"async\" width=\"800\" height=\"579\" src=\"http:\/\/michelle-affolter.de\/wp-content\/uploads\/2021\/02\/44810220_1120263771480136_2434736347861221376_n-1.jpg\" alt=\"\" class=\"wp-image-361\" srcset=\"http:\/\/michelle-affolter.de\/wp-content\/uploads\/2021\/02\/44810220_1120263771480136_2434736347861221376_n-1.jpg 800w, http:\/\/michelle-affolter.de\/wp-content\/uploads\/2021\/02\/44810220_1120263771480136_2434736347861221376_n-1-300x217.jpg 300w, http:\/\/michelle-affolter.de\/wp-content\/uploads\/2021\/02\/44810220_1120263771480136_2434736347861221376_n-1-768x556.jpg 768w\" sizes=\"(max-width: 767px) 89vw, (max-width: 1000px) 54vw, (max-width: 1071px) 543px, 580px\" \/><figcaption class=\"wp-element-caption\">c Tilmann Engel <\/figcaption><\/figure>\n\n\n\n<figure class=\"wp-block-image size-large\"><img loading=\"lazy\" decoding=\"async\" width=\"1024\" height=\"745\" src=\"http:\/\/michelle-affolter.de\/wp-content\/uploads\/2021\/02\/thumbnail_0027_181002_unbenannt_0053-1024x745.jpg\" alt=\"\" class=\"wp-image-362\" srcset=\"http:\/\/michelle-affolter.de\/wp-content\/uploads\/2021\/02\/thumbnail_0027_181002_unbenannt_0053-1024x745.jpg 1024w, http:\/\/michelle-affolter.de\/wp-content\/uploads\/2021\/02\/thumbnail_0027_181002_unbenannt_0053-300x218.jpg 300w, http:\/\/michelle-affolter.de\/wp-content\/uploads\/2021\/02\/thumbnail_0027_181002_unbenannt_0053-768x559.jpg 768w, http:\/\/michelle-affolter.de\/wp-content\/uploads\/2021\/02\/thumbnail_0027_181002_unbenannt_0053.jpg 1280w\" sizes=\"(max-width: 767px) 89vw, (max-width: 1000px) 54vw, (max-width: 1071px) 543px, 580px\" \/><figcaption class=\"wp-element-caption\">Hurenschnack (2018)<\/figcaption><\/figure>\n<\/figure>\n\n\n\n<figure class=\"wp-block-gallery has-nested-images columns-default is-cropped wp-block-gallery-2 is-layout-flex wp-block-gallery-is-layout-flex\"><\/figure>\n\n\n\n<p><\/p>\n<\/div><\/div>\n\n\n\n<p class=\"has-background\" style=\"background-color:#c0d3e8\"><em><strong>\u201eWer erfolgreich sein will in der Sexarbeit, muss gut schnacken k\u00f6nnen\u201c<\/strong><\/em><br>Unsere Recherchereise begann an der glitzernden Oberfl\u00e4che Reeperbahn und f\u00fchrte uns in Stripclubs, Laufh\u00e4user, Hotels und Privatwohnungen. Unsere Interviewpartner*innen arbeiten als sexuelle Dienstleister*innen und schnackten mit uns \u00fcber die Lust an der Arbeit und die Arbeit an der Lust. Mit \u201eHurenschnack\u201c begeben wir uns auf einen performativen Tauchgang in den Ozean der Sexarbeit, begegnen unterschiedlichen Meereslebewesen und gleiten in eine bunte Welt, deren Farbenpracht von au\u00dfen immer wieder unsichtbar gemacht werden soll.<\/p>\n\n\n\n<figure class=\"wp-block-gallery has-nested-images columns-default is-cropped wp-block-gallery-3 is-layout-flex wp-block-gallery-is-layout-flex\">\n<figure class=\"wp-block-image size-large\"><img loading=\"lazy\" decoding=\"async\" width=\"566\" height=\"800\" data-id=\"339\" src=\"http:\/\/michelle-affolter.de\/wp-content\/uploads\/2021\/02\/43698042_1120264001480113_5243940698008322048_n.jpg\" alt=\"\" class=\"wp-image-339\" srcset=\"http:\/\/michelle-affolter.de\/wp-content\/uploads\/2021\/02\/43698042_1120264001480113_5243940698008322048_n.jpg 566w, http:\/\/michelle-affolter.de\/wp-content\/uploads\/2021\/02\/43698042_1120264001480113_5243940698008322048_n-212x300.jpg 212w\" sizes=\"(max-width: 566px) 100vw, 566px\" \/><figcaption class=\"wp-element-caption\">c Tilmann Engel<\/figcaption><\/figure>\n\n\n\n<figure class=\"wp-block-image size-large\"><img loading=\"lazy\" decoding=\"async\" width=\"548\" height=\"800\" data-id=\"340\" src=\"http:\/\/michelle-affolter.de\/wp-content\/uploads\/2021\/02\/44775366_1120265701479943_1282295527404208128_n.jpg\" alt=\"\" class=\"wp-image-340\" srcset=\"http:\/\/michelle-affolter.de\/wp-content\/uploads\/2021\/02\/44775366_1120265701479943_1282295527404208128_n.jpg 548w, http:\/\/michelle-affolter.de\/wp-content\/uploads\/2021\/02\/44775366_1120265701479943_1282295527404208128_n-206x300.jpg 206w\" sizes=\"(max-width: 548px) 100vw, 548px\" \/><figcaption class=\"wp-element-caption\">c Tilmann Engel<\/figcaption><\/figure>\n\n\n\n<figure class=\"wp-block-image size-large\"><img loading=\"lazy\" decoding=\"async\" width=\"600\" height=\"656\" data-id=\"341\" src=\"http:\/\/michelle-affolter.de\/wp-content\/uploads\/2021\/02\/44776222_1120264968146683_3002333619105562624_n.jpg\" alt=\"\" class=\"wp-image-341\" srcset=\"http:\/\/michelle-affolter.de\/wp-content\/uploads\/2021\/02\/44776222_1120264968146683_3002333619105562624_n.jpg 600w, http:\/\/michelle-affolter.de\/wp-content\/uploads\/2021\/02\/44776222_1120264968146683_3002333619105562624_n-274x300.jpg 274w\" sizes=\"(max-width: 600px) 100vw, 600px\" \/><figcaption class=\"wp-element-caption\">c Tilmann Engel <\/figcaption><\/figure>\n<\/figure>\n\n\n\n<p class=\"has-background\" style=\"background-color:#c0d3e8\"><strong>Regie: <\/strong>Michelle Affolter<br><strong>Dramaturgie:<\/strong>&nbsp;Nora&nbsp;Becker <br><strong>B\u00fchne:<\/strong> Florence Schreiber <br><strong>Kost\u00fcme:<\/strong> Pia Preu\u00df <br><strong>Sound:<\/strong> Carlos Andr\u00e9s Rico <br><strong>Regieassistenz: <\/strong>Elli Neubert<br><strong>B\u00fchnenbildassistenz: <\/strong>Philipp K\u00e4stle<br><strong>Kost\u00fcmassistenz: <\/strong>Johanna Winkler, Bianca Kloock<br><strong>Mit: <\/strong>Amanda Babaei Vieira, Dulguun Chinchuluun, Alina Hidic, Josefa Nereus, Andre P\u00f6hls, Antonia Sandrock<br><\/p>\n\n\n\n<figure class=\"wp-block-gallery has-nested-images columns-default is-cropped wp-block-gallery-4 is-layout-flex wp-block-gallery-is-layout-flex\"><\/figure>\n\n\n\n<figure class=\"wp-block-embed is-type-video is-provider-youtube wp-block-embed-youtube wp-embed-aspect-16-9 wp-has-aspect-ratio\"><div class=\"wp-block-embed__wrapper\">\n<iframe loading=\"lazy\" title=\"Hurenschnack - St Pauli und die Sexarbeit auf der B\u00fchne\" width=\"525\" height=\"295\" src=\"https:\/\/www.youtube.com\/embed\/ZB3i9VyVgtY?feature=oembed\" frameborder=\"0\" allow=\"accelerometer; autoplay; clipboard-write; encrypted-media; gyroscope; picture-in-picture; web-share\" allowfullscreen><\/iframe>\n<\/div><\/figure>\n\n\n\n<p><sub><em>Videobericht: Josefa Nereus<\/em><\/sub><\/p>\n","protected":false},"excerpt":{"rendered":"<p>Eine Performance zu Sexarbeit in Hamburg Urauff\u00fchrung im St. Pauli Theater (Kiezst\u00fcrmer 2018) am 02.10.2018 Eingeladen zu WePresent #10 im Lichthof Theater am 01.02.2019 \u201eWer erfolgreich sein will in der Sexarbeit, muss gut schnacken k\u00f6nnen\u201cUnsere Recherchereise begann an der glitzernden Oberfl\u00e4che Reeperbahn und f\u00fchrte uns in Stripclubs, Laufh\u00e4user, Hotels und Privatwohnungen. Unsere Interviewpartner*innen arbeiten als &hellip; <\/p>\n<p class=\"link-more\"><a href=\"http:\/\/michelle-affolter.de\/?page_id=286\" class=\"more-link\"><span class=\"screen-reader-text\">\u201eHurenschnack (2018)\u201c<\/span> weiterlesen<\/a><\/p>\n","protected":false},"author":1,"featured_media":0,"parent":0,"menu_order":0,"comment_status":"closed","ping_status":"closed","template":"","meta":{"footnotes":""},"_links":{"self":[{"href":"http:\/\/michelle-affolter.de\/index.php?rest_route=\/wp\/v2\/pages\/286"}],"collection":[{"href":"http:\/\/michelle-affolter.de\/index.php?rest_route=\/wp\/v2\/pages"}],"about":[{"href":"http:\/\/michelle-affolter.de\/index.php?rest_route=\/wp\/v2\/types\/page"}],"author":[{"embeddable":true,"href":"http:\/\/michelle-affolter.de\/index.php?rest_route=\/wp\/v2\/users\/1"}],"replies":[{"embeddable":true,"href":"http:\/\/michelle-affolter.de\/index.php?rest_route=%2Fwp%2Fv2%2Fcomments&post=286"}],"version-history":[{"count":9,"href":"http:\/\/michelle-affolter.de\/index.php?rest_route=\/wp\/v2\/pages\/286\/revisions"}],"predecessor-version":[{"id":664,"href":"http:\/\/michelle-affolter.de\/index.php?rest_route=\/wp\/v2\/pages\/286\/revisions\/664"}],"wp:attachment":[{"href":"http:\/\/michelle-affolter.de\/index.php?rest_route=%2Fwp%2Fv2%2Fmedia&parent=286"}],"curies":[{"name":"wp","href":"https:\/\/api.w.org\/{rel}","templated":true}]}}