{"id":290,"date":"2021-01-28T17:48:46","date_gmt":"2021-01-28T17:48:46","guid":{"rendered":"http:\/\/michelle-affolter.de\/?page_id=290"},"modified":"2021-02-14T16:56:00","modified_gmt":"2021-02-14T16:56:00","slug":"one-charming-night-2016","status":"publish","type":"page","link":"http:\/\/michelle-affolter.de\/?page_id=290","title":{"rendered":"one charming night (2016)"},"content":{"rendered":"\n<p class=\"has-background\" style=\"background-color:#c0d3e8\">Nach dem Roman \u201eAn einem klaren, eiskalten Januarmorgen zu Beginn des 21. Jahrhunderts\u201c von Roland Schimmelpfennig . Mit Musik von Henry Purcell.<br><br>Studienprojekt 2, HfMT Hamburg, Gau\u00dfstra\u00dfe 190, Premiere: 09.12.2016<\/p>\n\n\n\n<figure class=\"wp-block-gallery columns-3 is-cropped wp-block-gallery-1 is-layout-flex wp-block-gallery-is-layout-flex\"><ul class=\"blocks-gallery-grid\"><li class=\"blocks-gallery-item\"><figure><img loading=\"lazy\" decoding=\"async\" width=\"1024\" height=\"683\" src=\"http:\/\/michelle-affolter.de\/wp-content\/uploads\/2021\/02\/15896073_730037350502782_1473202525135988935_o-1024x683.jpg\" alt=\"\" data-id=\"320\" data-link=\"http:\/\/michelle-affolter.de\/?attachment_id=320\" class=\"wp-image-320\" srcset=\"http:\/\/michelle-affolter.de\/wp-content\/uploads\/2021\/02\/15896073_730037350502782_1473202525135988935_o-1024x683.jpg 1024w, http:\/\/michelle-affolter.de\/wp-content\/uploads\/2021\/02\/15896073_730037350502782_1473202525135988935_o-300x200.jpg 300w, http:\/\/michelle-affolter.de\/wp-content\/uploads\/2021\/02\/15896073_730037350502782_1473202525135988935_o-768x512.jpg 768w, http:\/\/michelle-affolter.de\/wp-content\/uploads\/2021\/02\/15896073_730037350502782_1473202525135988935_o.jpg 1299w\" sizes=\"(max-width: 767px) 89vw, (max-width: 1000px) 54vw, (max-width: 1071px) 543px, 580px\" \/><\/figure><\/li><li class=\"blocks-gallery-item\"><figure><img loading=\"lazy\" decoding=\"async\" width=\"1024\" height=\"683\" src=\"http:\/\/michelle-affolter.de\/wp-content\/uploads\/2021\/02\/15896185_730038993835951_3002593350934479299_o-1024x683.jpg\" alt=\"\" data-id=\"321\" data-link=\"http:\/\/michelle-affolter.de\/?attachment_id=321\" class=\"wp-image-321\" srcset=\"http:\/\/michelle-affolter.de\/wp-content\/uploads\/2021\/02\/15896185_730038993835951_3002593350934479299_o-1024x683.jpg 1024w, http:\/\/michelle-affolter.de\/wp-content\/uploads\/2021\/02\/15896185_730038993835951_3002593350934479299_o-300x200.jpg 300w, http:\/\/michelle-affolter.de\/wp-content\/uploads\/2021\/02\/15896185_730038993835951_3002593350934479299_o-768x512.jpg 768w, http:\/\/michelle-affolter.de\/wp-content\/uploads\/2021\/02\/15896185_730038993835951_3002593350934479299_o.jpg 1299w\" sizes=\"(max-width: 767px) 89vw, (max-width: 1000px) 54vw, (max-width: 1071px) 543px, 580px\" \/><\/figure><\/li><li class=\"blocks-gallery-item\"><figure><img loading=\"lazy\" decoding=\"async\" width=\"1024\" height=\"683\" src=\"http:\/\/michelle-affolter.de\/wp-content\/uploads\/2021\/02\/15844706_730037620502755_3545926890459976234_o-1024x683.jpg\" alt=\"\" data-id=\"322\" data-link=\"http:\/\/michelle-affolter.de\/?attachment_id=322\" class=\"wp-image-322\" srcset=\"http:\/\/michelle-affolter.de\/wp-content\/uploads\/2021\/02\/15844706_730037620502755_3545926890459976234_o-1024x683.jpg 1024w, http:\/\/michelle-affolter.de\/wp-content\/uploads\/2021\/02\/15844706_730037620502755_3545926890459976234_o-300x200.jpg 300w, http:\/\/michelle-affolter.de\/wp-content\/uploads\/2021\/02\/15844706_730037620502755_3545926890459976234_o-768x512.jpg 768w, http:\/\/michelle-affolter.de\/wp-content\/uploads\/2021\/02\/15844706_730037620502755_3545926890459976234_o.jpg 1299w\" sizes=\"(max-width: 767px) 89vw, (max-width: 1000px) 54vw, (max-width: 1071px) 543px, 580px\" \/><\/figure><\/li><li class=\"blocks-gallery-item\"><figure><img loading=\"lazy\" decoding=\"async\" width=\"1024\" height=\"683\" src=\"http:\/\/michelle-affolter.de\/wp-content\/uploads\/2021\/02\/15875329_730038823835968_4942120635746905568_o-1024x683.jpg\" alt=\"\" data-id=\"323\" data-link=\"http:\/\/michelle-affolter.de\/?attachment_id=323\" class=\"wp-image-323\" srcset=\"http:\/\/michelle-affolter.de\/wp-content\/uploads\/2021\/02\/15875329_730038823835968_4942120635746905568_o-1024x683.jpg 1024w, http:\/\/michelle-affolter.de\/wp-content\/uploads\/2021\/02\/15875329_730038823835968_4942120635746905568_o-300x200.jpg 300w, http:\/\/michelle-affolter.de\/wp-content\/uploads\/2021\/02\/15875329_730038823835968_4942120635746905568_o-768x512.jpg 768w, http:\/\/michelle-affolter.de\/wp-content\/uploads\/2021\/02\/15875329_730038823835968_4942120635746905568_o.jpg 1299w\" sizes=\"(max-width: 767px) 89vw, (max-width: 1000px) 54vw, (max-width: 1071px) 543px, 580px\" \/><\/figure><\/li><li class=\"blocks-gallery-item\"><figure><img loading=\"lazy\" decoding=\"async\" width=\"1024\" height=\"683\" src=\"http:\/\/michelle-affolter.de\/wp-content\/uploads\/2021\/02\/15936488_730038277169356_5208130652677501573_o-1024x683.jpg\" alt=\"\" data-id=\"324\" data-link=\"http:\/\/michelle-affolter.de\/?attachment_id=324\" class=\"wp-image-324\" srcset=\"http:\/\/michelle-affolter.de\/wp-content\/uploads\/2021\/02\/15936488_730038277169356_5208130652677501573_o-1024x683.jpg 1024w, http:\/\/michelle-affolter.de\/wp-content\/uploads\/2021\/02\/15936488_730038277169356_5208130652677501573_o-300x200.jpg 300w, http:\/\/michelle-affolter.de\/wp-content\/uploads\/2021\/02\/15936488_730038277169356_5208130652677501573_o-768x512.jpg 768w, http:\/\/michelle-affolter.de\/wp-content\/uploads\/2021\/02\/15936488_730038277169356_5208130652677501573_o.jpg 1299w\" sizes=\"(max-width: 767px) 89vw, (max-width: 1000px) 54vw, (max-width: 1071px) 543px, 580px\" \/><\/figure><\/li><li class=\"blocks-gallery-item\"><figure><img loading=\"lazy\" decoding=\"async\" width=\"683\" height=\"1024\" src=\"http:\/\/michelle-affolter.de\/wp-content\/uploads\/2021\/02\/15936681_730039167169267_3500521178516118100_o-683x1024.jpg\" alt=\"\" data-id=\"325\" data-full-url=\"http:\/\/michelle-affolter.de\/wp-content\/uploads\/2021\/02\/15936681_730039167169267_3500521178516118100_o.jpg\" data-link=\"http:\/\/michelle-affolter.de\/?attachment_id=325\" class=\"wp-image-325\" srcset=\"http:\/\/michelle-affolter.de\/wp-content\/uploads\/2021\/02\/15936681_730039167169267_3500521178516118100_o-683x1024.jpg 683w, http:\/\/michelle-affolter.de\/wp-content\/uploads\/2021\/02\/15936681_730039167169267_3500521178516118100_o-200x300.jpg 200w, http:\/\/michelle-affolter.de\/wp-content\/uploads\/2021\/02\/15936681_730039167169267_3500521178516118100_o-768x1152.jpg 768w, http:\/\/michelle-affolter.de\/wp-content\/uploads\/2021\/02\/15936681_730039167169267_3500521178516118100_o.jpg 866w\" sizes=\"(max-width: 683px) 100vw, 683px\" \/><\/figure><\/li><\/ul><figcaption class=\"blocks-gallery-caption\">Fotocredits: Moritz Richter<\/figcaption><\/figure>\n\n\n\n<p class=\"has-background\" style=\"background-color:#c0d3e8\"><strong>Regie <\/strong>Michelle Affolter<br><strong>Musikalische Leitung<\/strong> Simon Edelmann<br><strong>B\u00fchne und Kost\u00fcme<\/strong> Lina Mayer<br><strong>Regieassistenz<\/strong> Johanna Neutzling<br><br><strong>Charly<\/strong> Maurice Lenhard<br><strong>Jacky<\/strong> Merlind Pohl<br><strong>Thomasz <\/strong>Tino Frers<br><strong>Agneska <\/strong>Ascelina Klee<br><strong>Junger Mann\/ Amor <\/strong>Patrick Below<br><strong>(Sehr) junge Frau<\/strong> Aileen Deppe<br><strong>Das Kind<\/strong> Elijah Freeman<br><br><strong>Cembalo<\/strong> Lotta Harder<br><strong>Violine 1 <\/strong>Sun Shin<br><strong>Violine 2 <\/strong>Maia Siradze<br><strong>Violoncello <\/strong>Younkyoung Shin<\/p>\n","protected":false},"excerpt":{"rendered":"<p>Nach dem Roman \u201eAn einem klaren, eiskalten Januarmorgen zu Beginn des 21. Jahrhunderts\u201c von Roland Schimmelpfennig . Mit Musik von Henry Purcell. Studienprojekt 2, HfMT Hamburg, Gau\u00dfstra\u00dfe 190, Premiere: 09.12.2016 Regie Michelle AffolterMusikalische Leitung Simon EdelmannB\u00fchne und Kost\u00fcme Lina MayerRegieassistenz Johanna Neutzling Charly Maurice LenhardJacky Merlind PohlThomasz Tino FrersAgneska Ascelina KleeJunger Mann\/ Amor Patrick Below(Sehr) &hellip; <\/p>\n<p class=\"link-more\"><a href=\"http:\/\/michelle-affolter.de\/?page_id=290\" class=\"more-link\"><span class=\"screen-reader-text\">\u201eone charming night (2016)\u201c<\/span> weiterlesen<\/a><\/p>\n","protected":false},"author":1,"featured_media":0,"parent":0,"menu_order":0,"comment_status":"closed","ping_status":"closed","template":"","meta":{"footnotes":""},"_links":{"self":[{"href":"http:\/\/michelle-affolter.de\/index.php?rest_route=\/wp\/v2\/pages\/290"}],"collection":[{"href":"http:\/\/michelle-affolter.de\/index.php?rest_route=\/wp\/v2\/pages"}],"about":[{"href":"http:\/\/michelle-affolter.de\/index.php?rest_route=\/wp\/v2\/types\/page"}],"author":[{"embeddable":true,"href":"http:\/\/michelle-affolter.de\/index.php?rest_route=\/wp\/v2\/users\/1"}],"replies":[{"embeddable":true,"href":"http:\/\/michelle-affolter.de\/index.php?rest_route=%2Fwp%2Fv2%2Fcomments&post=290"}],"version-history":[{"count":4,"href":"http:\/\/michelle-affolter.de\/index.php?rest_route=\/wp\/v2\/pages\/290\/revisions"}],"predecessor-version":[{"id":453,"href":"http:\/\/michelle-affolter.de\/index.php?rest_route=\/wp\/v2\/pages\/290\/revisions\/453"}],"wp:attachment":[{"href":"http:\/\/michelle-affolter.de\/index.php?rest_route=%2Fwp%2Fv2%2Fmedia&parent=290"}],"curies":[{"name":"wp","href":"https:\/\/api.w.org\/{rel}","templated":true}]}}